{"id":783,"date":"2025-03-26T21:04:52","date_gmt":"2025-03-26T21:04:52","guid":{"rendered":"https:\/\/mcautomaticdoors.com\/wp\/?post_type=product&#038;p=783"},"modified":"2025-03-26T21:04:52","modified_gmt":"2025-03-26T21:04:52","slug":"condor-220-350","status":"publish","type":"product","link":"https:\/\/mcautomaticdoors.com\/wp\/product\/condor-220-350\/","title":{"rendered":"CONDOR 220 350"},"content":{"rendered":"<p>Actuadores electromec\u00e1nicos de brazo articulado para cancelas batientes para uso residencial.<\/p>\n","protected":false},"excerpt":{"rendered":"<p>Condor es la l\u00ednea de actuadores de brazos articulados caracterizados por una\u00a0<strong>resistencia excepcional<\/strong>\u00a0de todos los elementos, desde el cuerpo a prueba de golpes hasta el brazo en aleaci\u00f3n fundida a presi\u00f3n.<\/p>\n<p>M\u00e1xima seguridad en las operaciones de desbloqueo y m\u00e1xima potencia gracias al alto par motor. El rendimiento de las nuevas unidades de control y la configuraci\u00f3n autom\u00e1tico \/ semiautom\u00e1tico de los finales de carrera son excelentes.<\/p>\n<p>Instalaci\u00f3n\u00a0<strong>f\u00e1cil y pr\u00e1ctica<\/strong>. Soluci\u00f3n ideal para\u00a0<strong>uso intensivo.<\/strong><\/p>\n","protected":false},"featured_media":786,"comment_status":"open","ping_status":"closed","template":"","meta":[],"product_brand":[65],"product_cat":[60],"product_tag":[],"class_list":{"0":"post-783","1":"product","2":"type-product","3":"status-publish","4":"has-post-thumbnail","6":"product_brand-comunello-automation","7":"product_cat-puertas","9":"first","10":"instock","11":"shipping-taxable","12":"product-type-simple"},"jetpack_sharing_enabled":true,"_links":{"self":[{"href":"https:\/\/mcautomaticdoors.com\/wp\/wp-json\/wp\/v2\/product\/783","targetHints":{"allow":["GET"]}}],"collection":[{"href":"https:\/\/mcautomaticdoors.com\/wp\/wp-json\/wp\/v2\/product"}],"about":[{"href":"https:\/\/mcautomaticdoors.com\/wp\/wp-json\/wp\/v2\/types\/product"}],"replies":[{"embeddable":true,"href":"https:\/\/mcautomaticdoors.com\/wp\/wp-json\/wp\/v2\/comments?post=783"}],"version-history":[{"count":2,"href":"https:\/\/mcautomaticdoors.com\/wp\/wp-json\/wp\/v2\/product\/783\/revisions"}],"predecessor-version":[{"id":790,"href":"https:\/\/mcautomaticdoors.com\/wp\/wp-json\/wp\/v2\/product\/783\/revisions\/790"}],"wp:featuredmedia":[{"embeddable":true,"href":"https:\/\/mcautomaticdoors.com\/wp\/wp-json\/wp\/v2\/media\/786"}],"wp:attachment":[{"href":"https:\/\/mcautomaticdoors.com\/wp\/wp-json\/wp\/v2\/media?parent=783"}],"wp:term":[{"taxonomy":"product_brand","embeddable":true,"href":"https:\/\/mcautomaticdoors.com\/wp\/wp-json\/wp\/v2\/product_brand?post=783"},{"taxonomy":"product_cat","embeddable":true,"href":"https:\/\/mcautomaticdoors.com\/wp\/wp-json\/wp\/v2\/product_cat?post=783"},{"taxonomy":"product_tag","embeddable":true,"href":"https:\/\/mcautomaticdoors.com\/wp\/wp-json\/wp\/v2\/product_tag?post=783"}],"curies":[{"name":"wp","href":"https:\/\/api.w.org\/{rel}","templated":true}]}}