{"id":720,"date":"2025-02-28T05:30:42","date_gmt":"2025-02-28T05:30:42","guid":{"rendered":"https:\/\/mcautomaticdoors.com\/wp\/?post_type=product&#038;p=720"},"modified":"2025-02-28T05:30:42","modified_gmt":"2025-02-28T05:30:42","slug":"ram","status":"publish","type":"product","link":"https:\/\/mcautomaticdoors.com\/wp\/product\/ram\/","title":{"rendered":"RAM"},"content":{"rendered":"<p>Ram es una l\u00ednea de actuadores telesc\u00f3picos para puertas batientes con hojas de hasta 5 metros.<\/p>\n<p>La excelente resistencia a los agentes atmosf\u00e9ricos y la\u00a0<strong>mec\u00e1nica de alta calidad<\/strong>\u00a0garantizan la durabilidad.<\/p>\n<p>Una sencilla y r\u00e1pida operaci\u00f3n de desbloque con palanca de liberaci\u00f3n resalta la\u00a0<strong>seguridad<\/strong>\u00a0y\u00a0<strong>confiabilidad<\/strong>\u00a0del actuador. Los soportes de rosca est\u00e1ndar hacen que las operaciones de instalaci\u00f3n sean muy simples.<\/p>\n","protected":false},"excerpt":{"rendered":"<p>Ram es una l\u00ednea de actuadores telesc\u00f3picos para puertas batientes con hojas de hasta 5 metros.<\/p>\n","protected":false},"featured_media":721,"comment_status":"open","ping_status":"closed","template":"","meta":[],"product_brand":[64],"product_cat":[60],"product_tag":[],"class_list":{"0":"post-720","1":"product","2":"type-product","3":"status-publish","4":"has-post-thumbnail","6":"product_brand-facc","7":"product_cat-puertas","9":"first","10":"instock","11":"shipping-taxable","12":"product-type-simple"},"jetpack_sharing_enabled":true,"_links":{"self":[{"href":"https:\/\/mcautomaticdoors.com\/wp\/wp-json\/wp\/v2\/product\/720","targetHints":{"allow":["GET"]}}],"collection":[{"href":"https:\/\/mcautomaticdoors.com\/wp\/wp-json\/wp\/v2\/product"}],"about":[{"href":"https:\/\/mcautomaticdoors.com\/wp\/wp-json\/wp\/v2\/types\/product"}],"replies":[{"embeddable":true,"href":"https:\/\/mcautomaticdoors.com\/wp\/wp-json\/wp\/v2\/comments?post=720"}],"version-history":[{"count":1,"href":"https:\/\/mcautomaticdoors.com\/wp\/wp-json\/wp\/v2\/product\/720\/revisions"}],"predecessor-version":[{"id":722,"href":"https:\/\/mcautomaticdoors.com\/wp\/wp-json\/wp\/v2\/product\/720\/revisions\/722"}],"wp:featuredmedia":[{"embeddable":true,"href":"https:\/\/mcautomaticdoors.com\/wp\/wp-json\/wp\/v2\/media\/721"}],"wp:attachment":[{"href":"https:\/\/mcautomaticdoors.com\/wp\/wp-json\/wp\/v2\/media?parent=720"}],"wp:term":[{"taxonomy":"product_brand","embeddable":true,"href":"https:\/\/mcautomaticdoors.com\/wp\/wp-json\/wp\/v2\/product_brand?post=720"},{"taxonomy":"product_cat","embeddable":true,"href":"https:\/\/mcautomaticdoors.com\/wp\/wp-json\/wp\/v2\/product_cat?post=720"},{"taxonomy":"product_tag","embeddable":true,"href":"https:\/\/mcautomaticdoors.com\/wp\/wp-json\/wp\/v2\/product_tag?post=720"}],"curies":[{"name":"wp","href":"https:\/\/api.w.org\/{rel}","templated":true}]}}