{"id":700,"date":"2025-02-28T04:04:07","date_gmt":"2025-02-28T04:04:07","guid":{"rendered":"https:\/\/mcautomaticdoors.com\/wp\/?post_type=product&#038;p=700"},"modified":"2025-02-28T04:04:08","modified_gmt":"2025-02-28T04:04:08","slug":"v90-cerrojo-rotatorio-con-funcion-de-servicio-para-apertura-hacia-afuera","status":"publish","type":"product","link":"https:\/\/mcautomaticdoors.com\/wp\/product\/v90-cerrojo-rotatorio-con-funcion-de-servicio-para-apertura-hacia-afuera\/","title":{"rendered":"V90 &#8211; Cerrojo rotatorio &#8211; con funci\u00f3n de servicio &#8211; Para apertura hacia afuera"},"content":{"rendered":"<p>Esta cerradura el\u00e9ctrica V90 ha sido especialmente dise\u00f1ada para ser instaladas en puertas y portones de vado permanente exterioriores, manuales o automatizados, que abren hacia afuera. Esta posibilidad es frecuente cuando el port\u00f3n est\u00e1 colocado en una entrada empinada y cuando llas leyes nacionales de seguridad presumen una salida hacia afuera en situaciones de emergencia. Las caracter\u00edsticas y el acabad la hacen ideal para instalaciones incluso en ambientes sujetos a excursiones t\u00e9rmicas elevadas.<\/p>\n","protected":false},"excerpt":{"rendered":"<p>Esta cerradura el\u00e9ctrica V90 ha sido especialmente dise\u00f1ada para ser instaladas en puertas y portones de vado permanente exterioriores, manuales o automatizados, que abren hacia afuera.<\/p>\n","protected":false},"featured_media":701,"comment_status":"open","ping_status":"closed","template":"","meta":[],"product_brand":[62],"product_cat":[61],"product_tag":[],"class_list":{"0":"post-700","1":"product","2":"type-product","3":"status-publish","4":"has-post-thumbnail","6":"product_brand-viro","7":"product_cat-cerradura","9":"first","10":"instock","11":"shipping-taxable","12":"product-type-simple"},"jetpack_sharing_enabled":true,"_links":{"self":[{"href":"https:\/\/mcautomaticdoors.com\/wp\/wp-json\/wp\/v2\/product\/700","targetHints":{"allow":["GET"]}}],"collection":[{"href":"https:\/\/mcautomaticdoors.com\/wp\/wp-json\/wp\/v2\/product"}],"about":[{"href":"https:\/\/mcautomaticdoors.com\/wp\/wp-json\/wp\/v2\/types\/product"}],"replies":[{"embeddable":true,"href":"https:\/\/mcautomaticdoors.com\/wp\/wp-json\/wp\/v2\/comments?post=700"}],"version-history":[{"count":1,"href":"https:\/\/mcautomaticdoors.com\/wp\/wp-json\/wp\/v2\/product\/700\/revisions"}],"predecessor-version":[{"id":704,"href":"https:\/\/mcautomaticdoors.com\/wp\/wp-json\/wp\/v2\/product\/700\/revisions\/704"}],"wp:featuredmedia":[{"embeddable":true,"href":"https:\/\/mcautomaticdoors.com\/wp\/wp-json\/wp\/v2\/media\/701"}],"wp:attachment":[{"href":"https:\/\/mcautomaticdoors.com\/wp\/wp-json\/wp\/v2\/media?parent=700"}],"wp:term":[{"taxonomy":"product_brand","embeddable":true,"href":"https:\/\/mcautomaticdoors.com\/wp\/wp-json\/wp\/v2\/product_brand?post=700"},{"taxonomy":"product_cat","embeddable":true,"href":"https:\/\/mcautomaticdoors.com\/wp\/wp-json\/wp\/v2\/product_cat?post=700"},{"taxonomy":"product_tag","embeddable":true,"href":"https:\/\/mcautomaticdoors.com\/wp\/wp-json\/wp\/v2\/product_tag?post=700"}],"curies":[{"name":"wp","href":"https:\/\/api.w.org\/{rel}","templated":true}]}}