{"id":691,"date":"2025-02-28T03:50:17","date_gmt":"2025-02-28T03:50:17","guid":{"rendered":"https:\/\/mcautomaticdoors.com\/wp\/?post_type=product&#038;p=691"},"modified":"2025-02-28T03:54:11","modified_gmt":"2025-02-28T03:54:11","slug":"v97-con-pulsador-entrada-regulable-desde-50-hasta-80-mm","status":"publish","type":"product","link":"https:\/\/mcautomaticdoors.com\/wp\/product\/v97-con-pulsador-entrada-regulable-desde-50-hasta-80-mm\/","title":{"rendered":"V97 con pulsador &#8211; Entrada regulable desde 50 hasta 80 mm"},"content":{"rendered":"<p>Las cerraduras el\u00e9ctricas V97 pueden instalarse en puertas y portones peatonales de interior o exterior y son intercambiables con las m\u00e1s comunes cerraduras el\u00e9ctricas ya instaladas, la mayor\u00eda de las veces dejando instalado el mismo recibidor met\u00e1lico. Las caracter\u00edsticas y el acabado las hacen ideales para puertas y portones de metal, incluso en ambientes sujetos a excursiones t\u00e9rmicas elevadas.<\/p>\n","protected":false},"excerpt":{"rendered":"<p>Las cerraduras el\u00e9ctricas\u00a0<strong>V97<\/strong>\u00a0pueden instalarse en puertas y portones peatonales de interior o exterior y son intercambiables con las m\u00e1s comunes cerraduras el\u00e9ctricas ya instaladas, la mayor\u00eda de las veces dejando instalado el mismo recibidor met\u00e1lic<\/p>\n","protected":false},"featured_media":688,"comment_status":"open","ping_status":"closed","template":"","meta":[],"product_brand":[62],"product_cat":[61],"product_tag":[],"class_list":{"0":"post-691","1":"product","2":"type-product","3":"status-publish","4":"has-post-thumbnail","6":"product_brand-viro","7":"product_cat-cerradura","9":"first","10":"instock","11":"shipping-taxable","12":"product-type-simple"},"jetpack_sharing_enabled":true,"_links":{"self":[{"href":"https:\/\/mcautomaticdoors.com\/wp\/wp-json\/wp\/v2\/product\/691","targetHints":{"allow":["GET"]}}],"collection":[{"href":"https:\/\/mcautomaticdoors.com\/wp\/wp-json\/wp\/v2\/product"}],"about":[{"href":"https:\/\/mcautomaticdoors.com\/wp\/wp-json\/wp\/v2\/types\/product"}],"replies":[{"embeddable":true,"href":"https:\/\/mcautomaticdoors.com\/wp\/wp-json\/wp\/v2\/comments?post=691"}],"version-history":[{"count":2,"href":"https:\/\/mcautomaticdoors.com\/wp\/wp-json\/wp\/v2\/product\/691\/revisions"}],"predecessor-version":[{"id":693,"href":"https:\/\/mcautomaticdoors.com\/wp\/wp-json\/wp\/v2\/product\/691\/revisions\/693"}],"wp:featuredmedia":[{"embeddable":true,"href":"https:\/\/mcautomaticdoors.com\/wp\/wp-json\/wp\/v2\/media\/688"}],"wp:attachment":[{"href":"https:\/\/mcautomaticdoors.com\/wp\/wp-json\/wp\/v2\/media?parent=691"}],"wp:term":[{"taxonomy":"product_brand","embeddable":true,"href":"https:\/\/mcautomaticdoors.com\/wp\/wp-json\/wp\/v2\/product_brand?post=691"},{"taxonomy":"product_cat","embeddable":true,"href":"https:\/\/mcautomaticdoors.com\/wp\/wp-json\/wp\/v2\/product_cat?post=691"},{"taxonomy":"product_tag","embeddable":true,"href":"https:\/\/mcautomaticdoors.com\/wp\/wp-json\/wp\/v2\/product_tag?post=691"}],"curies":[{"name":"wp","href":"https:\/\/api.w.org\/{rel}","templated":true}]}}